{"id":821,"date":"2025-12-21T01:08:23","date_gmt":"2025-12-21T01:08:23","guid":{"rendered":"https:\/\/alanisarta.com\/?page_id=821"},"modified":"2026-03-29T09:28:53","modified_gmt":"2026-03-29T16:28:53","slug":"philosophy","status":"publish","type":"page","link":"https:\/\/alanisarta.com\/es\/philosophy\/","title":{"rendered":"Filosof\u00eda"},"content":{"rendered":"<div data-elementor-type=\"wp-page\" data-elementor-id=\"821\" class=\"elementor elementor-821\" data-elementor-post-type=\"page\">\n\t\t\t\t<div class=\"elementor-element elementor-element-2156089 e-con-full e-flex e-con e-parent\" data-id=\"2156089\" data-element_type=\"container\" data-e-type=\"container\" data-settings=\"{&quot;background_background&quot;:&quot;classic&quot;}\">\n\t\t\t\t<div class=\"elementor-element elementor-element-913c634 elementor-widget elementor-widget-heading\" data-id=\"913c634\" data-element_type=\"widget\" data-e-type=\"widget\" data-widget_type=\"heading.default\">\n\t\t\t\t<div class=\"elementor-widget-container\">\n\t\t\t\t\t<h2 class=\"elementor-heading-title elementor-size-default\">Filosof\u00eda<\/h2>\t\t\t\t<\/div>\n\t\t\t\t<\/div>\n\t\t\t\t<\/div>\n\t\t<div class=\"elementor-element elementor-element-1385d1c e-flex e-con-boxed e-con e-parent\" data-id=\"1385d1c\" data-element_type=\"container\" data-e-type=\"container\" data-settings=\"{&quot;background_background&quot;:&quot;classic&quot;}\">\n\t\t\t\t\t<div class=\"e-con-inner\">\n\t\t\t\t<div class=\"elementor-element elementor-element-6e33edd elementor-widget elementor-widget-heading\" data-id=\"6e33edd\" data-element_type=\"widget\" data-e-type=\"widget\" data-widget_type=\"heading.default\">\n\t\t\t\t<div class=\"elementor-widget-container\">\n\t\t\t\t\t<h3 class=\"elementor-heading-title elementor-size-default\">Cada obra comienza como una exploraci\u00f3n.<br>Un di\u00e1logo entre el material y la forma, en el que la madera se expresa y gu\u00eda el proceso. A trav\u00e9s de este di\u00e1logo, investigo, descubro y dejo que la obra revele su propio camino.<\/h3>\t\t\t\t<\/div>\n\t\t\t\t<\/div>\n\t\t\t\t\t<\/div>\n\t\t\t\t<\/div>\n\t\t<div class=\"elementor-element elementor-element-21b61e5 e-flex e-con-boxed e-con e-parent\" data-id=\"21b61e5\" data-element_type=\"container\" data-e-type=\"container\">\n\t\t\t\t\t<div class=\"e-con-inner\">\n\t\t\t\t<div class=\"elementor-element elementor-element-4c6e632 elementor-widget elementor-widget-text-editor\" data-id=\"4c6e632\" data-element_type=\"widget\" data-e-type=\"widget\" data-widget_type=\"text-editor.default\">\n\t\t\t\t<div class=\"elementor-widget-container\">\n\t\t\t\t\t\t\t\t\t<p data-start=\"1060\" data-end=\"1166\">Para m\u00ed, cada obra es una investigaci\u00f3n. Una forma de comprender la vida a trav\u00e9s de la materia, la forma y el movimiento.<\/p>\n<p data-start=\"1173\" data-end=\"1298\">Nunca fuerzo la madera. Escucho su veteado, su resistencia y sus imperfecciones. El material me habla y yo le respondo.<\/p>\n<p data-start=\"1305\" data-end=\"1421\">Para m\u00ed, la belleza solo surge cuando todo se mueve en armon\u00eda. Cuando hay equilibrio, la forma revela su tranquila sabidur\u00eda.<\/p>\t\t\t\t\t\t\t\t<\/div>\n\t\t\t\t<\/div>\n\t\t\t\t<div class=\"elementor-element elementor-element-0560e10 elementor-widget-divider--view-line elementor-widget elementor-widget-divider\" data-id=\"0560e10\" data-element_type=\"widget\" data-e-type=\"widget\" data-widget_type=\"divider.default\">\n\t\t\t\t<div class=\"elementor-widget-container\">\n\t\t\t\t\t\t\t<div class=\"elementor-divider\">\n\t\t\t<span class=\"elementor-divider-separator\">\n\t\t\t\t\t\t<\/span>\n\t\t<\/div>\n\t\t\t\t\t\t<\/div>\n\t\t\t\t<\/div>\n\t\t\t\t\t<\/div>\n\t\t\t\t<\/div>\n\t\t<div class=\"elementor-element elementor-element-e0c3b2e e-con-full e-flex e-con e-parent\" data-id=\"e0c3b2e\" data-element_type=\"container\" data-e-type=\"container\" data-settings=\"{&quot;background_background&quot;:&quot;classic&quot;}\">\n\t\t<div class=\"elementor-element elementor-element-5880f90 e-flex e-con-boxed e-con e-child\" data-id=\"5880f90\" data-element_type=\"container\" data-e-type=\"container\">\n\t\t\t\t\t<div class=\"e-con-inner\">\n\t\t\t\t<div class=\"elementor-element elementor-element-1bf192c elementor-widget__width-initial elementor-widget elementor-widget-text-editor\" data-id=\"1bf192c\" data-element_type=\"widget\" data-e-type=\"widget\" data-widget_type=\"text-editor.default\">\n\t\t\t\t<div class=\"elementor-widget-container\">\n\t\t\t\t\t\t\t\t\t<p data-start=\"1205\" data-end=\"1241\">La naturaleza posee una sabidur\u00eda inherente.<\/p><p data-start=\"1248\" data-end=\"1416\">La madera, moldeada por el tiempo, el entorno y el movimiento, guarda la memoria en sus vetas. Cada pieza de madera tiene su propia historia, marcada por el crecimiento, la resistencia y el cambio.<\/p><p data-start=\"1423\" data-end=\"1582\">Mi funci\u00f3n no es dominar el material, sino trabajar en relaci\u00f3n con \u00e9l. Escuchar, responder y dejar que la sabidur\u00eda que ya est\u00e1 presente gu\u00ede la forma final.<\/p>\t\t\t\t\t\t\t\t<\/div>\n\t\t\t\t<\/div>\n\t\t\t\t<div class=\"elementor-element elementor-element-7105d54 elementor-widget elementor-widget-text-editor\" data-id=\"7105d54\" data-element_type=\"widget\" data-e-type=\"widget\" data-widget_type=\"text-editor.default\">\n\t\t\t\t<div class=\"elementor-widget-container\">\n\t\t\t\t\t\t\t\t\t<p>Parota, Encino, Eucalyptus \u2014 each chosen for its character and history.<\/p>\t\t\t\t\t\t\t\t<\/div>\n\t\t\t\t<\/div>\n\t\t\t\t<div class=\"elementor-element elementor-element-c0c0e5d elementor-widget-divider--view-line elementor-widget elementor-widget-divider\" data-id=\"c0c0e5d\" data-element_type=\"widget\" data-e-type=\"widget\" data-widget_type=\"divider.default\">\n\t\t\t\t<div class=\"elementor-widget-container\">\n\t\t\t\t\t\t\t<div class=\"elementor-divider\">\n\t\t\t<span class=\"elementor-divider-separator\">\n\t\t\t\t\t\t<\/span>\n\t\t<\/div>\n\t\t\t\t\t\t<\/div>\n\t\t\t\t<\/div>\n\t\t\t\t\t<\/div>\n\t\t\t\t<\/div>\n\t\t\t\t<\/div>\n\t\t<div class=\"elementor-element elementor-element-36c8a10 e-con-full e-flex e-con e-parent\" data-id=\"36c8a10\" data-element_type=\"container\" data-e-type=\"container\">\n\t\t<div class=\"elementor-element elementor-element-30de5e5 e-flex e-con-boxed e-con e-child\" data-id=\"30de5e5\" data-element_type=\"container\" data-e-type=\"container\">\n\t\t\t\t\t<div class=\"e-con-inner\">\n\t\t<div class=\"elementor-element elementor-element-0454313 e-con-full e-flex e-con e-child\" data-id=\"0454313\" data-element_type=\"container\" data-e-type=\"container\">\n\t\t\t\t<div class=\"elementor-element elementor-element-c85f7f6 elementor-widget__width-initial elementor-widget elementor-widget-video\" data-id=\"c85f7f6\" data-element_type=\"widget\" data-e-type=\"widget\" data-settings=\"{&quot;video_type&quot;:&quot;hosted&quot;,&quot;autoplay&quot;:&quot;yes&quot;,&quot;mute&quot;:&quot;yes&quot;,&quot;loop&quot;:&quot;yes&quot;,&quot;controls&quot;:&quot;yes&quot;}\" data-widget_type=\"video.default\">\n\t\t\t\t<div class=\"elementor-widget-container\">\n\t\t\t\t\t\t\t<div class=\"e-hosted-video elementor-wrapper elementor-open-inline\">\n\t\t\t\t\t<video class=\"elementor-video\" src=\"https:\/\/alanisarta.com\/wp-content\/uploads\/2026\/01\/IMG_2634.mov\" autoplay=\"\" loop=\"\" controls=\"\" muted=\"muted\" controlslist=\"nodownload\"><\/video>\n\t\t\t\t<\/div>\n\t\t\t\t\t\t<\/div>\n\t\t\t\t<\/div>\n\t\t\t\t<\/div>\n\t\t<div class=\"elementor-element elementor-element-c131632 e-con-full e-flex e-con e-child\" data-id=\"c131632\" data-element_type=\"container\" data-e-type=\"container\">\n\t\t\t\t<div class=\"elementor-element elementor-element-64fdcb5 elementor-widget elementor-widget-text-editor\" data-id=\"64fdcb5\" data-element_type=\"widget\" data-e-type=\"widget\" data-widget_type=\"text-editor.default\">\n\t\t\t\t<div class=\"elementor-widget-container\">\n\t\t\t\t\t\t\t\t\t<p data-start=\"1926\" data-end=\"1956\">El proceso nunca se hace con prisas.<\/p><p data-start=\"1963\" data-end=\"2130\">Cada talla va tomando forma con el paso del tiempo, gracias a la atenci\u00f3n, la paciencia y el respeto por el material. No impongo una forma, sino que me dejo llevar por lo que la madera me revela.<\/p><p data-start=\"2137\" data-end=\"2228\">A trav\u00e9s de este di\u00e1logo, surge una forma que se gu\u00eda por las proporciones, las curvas y los ritmos naturales que se encuentran en todo el mundo viviente.<\/p>\t\t\t\t\t\t\t\t<\/div>\n\t\t\t\t<\/div>\n\t\t\t\t<\/div>\n\t\t\t\t\t<\/div>\n\t\t\t\t<\/div>\n\t\t\t\t<\/div>\n\t\t<div class=\"elementor-element elementor-element-0bbd3c9 e-con-full e-flex e-con e-parent\" data-id=\"0bbd3c9\" data-element_type=\"container\" data-e-type=\"container\" data-settings=\"{&quot;background_background&quot;:&quot;classic&quot;}\">\n\t\t<div class=\"elementor-element elementor-element-12fed65 e-flex e-con-boxed e-con e-child\" data-id=\"12fed65\" data-element_type=\"container\" data-e-type=\"container\">\n\t\t\t\t\t<div class=\"e-con-inner\">\n\t\t\t\t<div class=\"elementor-element elementor-element-730505e elementor-widget__width-initial elementor-widget elementor-widget-text-editor\" data-id=\"730505e\" data-element_type=\"widget\" data-e-type=\"widget\" data-widget_type=\"text-editor.default\">\n\t\t\t\t<div class=\"elementor-widget-container\">\n\t\t\t\t\t\t\t\t\t<p data-start=\"1205\" data-end=\"1241\">Cada pieza es un momento de escucha.<br data-start=\"1070\" data-end=\"1073\" \/>Una forma forjada a base de paciencia, atenci\u00f3n y respeto por lo que ya existe.<\/p>\t\t\t\t\t\t\t\t<\/div>\n\t\t\t\t<\/div>\n\t\t\t\t<div class=\"elementor-element elementor-element-2155b2c elementor-widget elementor-widget-text-editor\" data-id=\"2155b2c\" data-element_type=\"widget\" data-e-type=\"widget\" data-widget_type=\"text-editor.default\">\n\t\t\t\t<div class=\"elementor-widget-container\">\n\t\t\t\t\t\t\t\t\t<p>Laurel Alanis<\/p>\t\t\t\t\t\t\t\t<\/div>\n\t\t\t\t<\/div>\n\t\t\t\t\t<\/div>\n\t\t\t\t<\/div>\n\t\t\t\t<\/div>\n\t\t\t\t<\/div>","protected":false},"excerpt":{"rendered":"<p>Philosophy Each work begins as an exploration.A conversation between material and form, where the wood expresses itself and guides the process. Through this dialogue, I investigate, discover, and allow the work to reveal its own path. I see each piece as an investigation. A way of understanding life through material, form, and movement. The wood [&hellip;]<\/p>\n","protected":false},"author":1,"featured_media":0,"parent":0,"menu_order":0,"comment_status":"closed","ping_status":"closed","template":"","meta":{"_acf_changed":false,"footnotes":""},"class_list":["post-821","page","type-page","status-publish","hentry"],"acf":[],"_links":{"self":[{"href":"https:\/\/alanisarta.com\/es\/wp-json\/wp\/v2\/pages\/821","targetHints":{"allow":["GET"]}}],"collection":[{"href":"https:\/\/alanisarta.com\/es\/wp-json\/wp\/v2\/pages"}],"about":[{"href":"https:\/\/alanisarta.com\/es\/wp-json\/wp\/v2\/types\/page"}],"author":[{"embeddable":true,"href":"https:\/\/alanisarta.com\/es\/wp-json\/wp\/v2\/users\/1"}],"replies":[{"embeddable":true,"href":"https:\/\/alanisarta.com\/es\/wp-json\/wp\/v2\/comments?post=821"}],"version-history":[{"count":67,"href":"https:\/\/alanisarta.com\/es\/wp-json\/wp\/v2\/pages\/821\/revisions"}],"predecessor-version":[{"id":1550,"href":"https:\/\/alanisarta.com\/es\/wp-json\/wp\/v2\/pages\/821\/revisions\/1550"}],"wp:attachment":[{"href":"https:\/\/alanisarta.com\/es\/wp-json\/wp\/v2\/media?parent=821"}],"curies":[{"name":"wp","href":"https:\/\/api.w.org\/{rel}","templated":true}]}}