{"id":66,"date":"2025-07-01T02:07:42","date_gmt":"2025-07-01T02:07:42","guid":{"rendered":"https:\/\/alanisarta.com\/photospark-homepage\/"},"modified":"2026-03-28T16:58:05","modified_gmt":"2026-03-28T23:58:05","slug":"home","status":"publish","type":"page","link":"https:\/\/alanisarta.com\/es\/","title":{"rendered":"Home"},"content":{"rendered":"<div data-elementor-type=\"wp-page\" data-elementor-id=\"66\" class=\"elementor elementor-66\" data-elementor-post-type=\"page\">\n\t\t\t\t<div class=\"elementor-element elementor-element-6833052 e-con-full e-flex e-con e-parent\" data-id=\"6833052\" data-element_type=\"container\" data-e-type=\"container\" data-settings=\"{&quot;background_background&quot;:&quot;classic&quot;}\">\n\t\t\t\t<div class=\"elementor-element elementor-element-0c37124 elementor-widget__width-initial elementor-widget-mobile__width-initial elementor-widget elementor-widget-heading\" data-id=\"0c37124\" data-element_type=\"widget\" data-e-type=\"widget\" data-widget_type=\"heading.default\">\n\t\t\t\t<div class=\"elementor-widget-container\">\n\t\t\t\t\t<h1 class=\"elementor-heading-title elementor-size-default\">Donde la madera y la naturaleza hablan<\/h1>\t\t\t\t<\/div>\n\t\t\t\t<\/div>\n\t\t\t\t<div class=\"elementor-element elementor-element-06ad7ab elementor-widget__width-initial elementor-widget-mobile__width-initial elementor-widget elementor-widget-text-editor\" data-id=\"06ad7ab\" data-element_type=\"widget\" data-e-type=\"widget\" data-widget_type=\"text-editor.default\">\n\t\t\t\t<div class=\"elementor-widget-container\">\n\t\t\t\t\t\t\t\t\t<p>Obras escult\u00f3ricas \u00fanicas, talladas a partir de la sabidur\u00eda de la naturaleza.<\/p>\t\t\t\t\t\t\t\t<\/div>\n\t\t\t\t<\/div>\n\t\t\t\t<div class=\"elementor-element elementor-element-a9eddc6 elementor-widget__width-initial elementor-widget-mobile__width-initial elementor-widget elementor-widget-button\" data-id=\"a9eddc6\" data-element_type=\"widget\" data-e-type=\"widget\" data-widget_type=\"button.default\">\n\t\t\t\t<div class=\"elementor-widget-container\">\n\t\t\t\t\t\t\t\t\t<div class=\"elementor-button-wrapper\">\n\t\t\t\t\t<a class=\"elementor-button elementor-button-link elementor-size-sm\" href=\"\/es\/works\/\">\n\t\t\t\t\t\t<span class=\"elementor-button-content-wrapper\">\n\t\t\t\t\t\t\t\t\t<span class=\"elementor-button-text\">Explora la colecci\u00f3n<\/span>\n\t\t\t\t\t<\/span>\n\t\t\t\t\t<\/a>\n\t\t\t\t<\/div>\n\t\t\t\t\t\t\t\t<\/div>\n\t\t\t\t<\/div>\n\t\t\t\t<\/div>\n\t\t<div class=\"elementor-element elementor-element-3f3349d e-flex e-con-boxed e-con e-parent\" data-id=\"3f3349d\" data-element_type=\"container\" data-e-type=\"container\">\n\t\t\t\t\t<div class=\"e-con-inner\">\n\t\t<div class=\"elementor-element elementor-element-7925eae e-con-full e-flex e-con e-child\" data-id=\"7925eae\" data-element_type=\"container\" data-e-type=\"container\">\n\t\t\t\t<div class=\"elementor-element elementor-element-6604479 animated-slow elementor-invisible elementor-widget elementor-widget-heading\" data-id=\"6604479\" data-element_type=\"widget\" data-e-type=\"widget\" data-settings=\"{&quot;_animation&quot;:&quot;fadeIn&quot;}\" data-widget_type=\"heading.default\">\n\t\t\t\t<div class=\"elementor-widget-container\">\n\t\t\t\t\t<h1 class=\"elementor-heading-title elementor-size-default\">El arte en di\u00e1logo con la naturaleza<\/h1>\t\t\t\t<\/div>\n\t\t\t\t<\/div>\n\t\t\t\t<div class=\"elementor-element elementor-element-c3b229c elementor-widget elementor-widget-text-editor\" data-id=\"c3b229c\" data-element_type=\"widget\" data-e-type=\"widget\" data-widget_type=\"text-editor.default\">\n\t\t\t\t<div class=\"elementor-widget-container\">\n\t\t\t\t\t\t\t\t\t<p>Laurel Alanis aborda cada pieza como un investigador de la forma y un explorador de la vida. Sus tallas surgen de escuchar al material, dejando que los patrones naturales, las historias y la sutil sabidur\u00eda de la madera gu\u00eden la forma de cada obra.<\/p>\t\t\t\t\t\t\t\t<\/div>\n\t\t\t\t<\/div>\n\t\t\t\t<div class=\"elementor-element elementor-element-7e4ca42 elementor-widget elementor-widget-text-editor\" data-id=\"7e4ca42\" data-element_type=\"widget\" data-e-type=\"widget\" data-widget_type=\"text-editor.default\">\n\t\t\t\t<div class=\"elementor-widget-container\">\n\t\t\t\t\t\t\t\t\t<p><a href=\"\/es\/about\/\">Conoce al artista \u2192<\/a><\/p>\t\t\t\t\t\t\t\t<\/div>\n\t\t\t\t<\/div>\n\t\t\t\t<\/div>\n\t\t<div class=\"elementor-element elementor-element-218f44c e-flex e-con-boxed e-con e-child\" data-id=\"218f44c\" data-element_type=\"container\" data-e-type=\"container\" data-settings=\"{&quot;background_background&quot;:&quot;classic&quot;}\">\n\t\t\t\t\t<div class=\"e-con-inner\">\n\t\t\t\t<div class=\"elementor-element elementor-element-444c4a2 elementor-widget elementor-widget-image\" data-id=\"444c4a2\" data-element_type=\"widget\" data-e-type=\"widget\" data-widget_type=\"image.default\">\n\t\t\t\t<div class=\"elementor-widget-container\">\n\t\t\t\t\t\t\t\t\t\t\t\t\t\t\t<img fetchpriority=\"high\" decoding=\"async\" width=\"768\" height=\"1024\" src=\"https:\/\/alanisarta.com\/wp-content\/uploads\/2025\/11\/IMG_9241-768x1024.webp\" class=\"attachment-large size-large wp-image-717\" alt=\"\" srcset=\"https:\/\/alanisarta.com\/wp-content\/uploads\/2025\/11\/IMG_9241-768x1024.webp 768w, https:\/\/alanisarta.com\/wp-content\/uploads\/2025\/11\/IMG_9241-225x300.webp 225w, https:\/\/alanisarta.com\/wp-content\/uploads\/2025\/11\/IMG_9241-1152x1536.webp 1152w, https:\/\/alanisarta.com\/wp-content\/uploads\/2025\/11\/IMG_9241.webp 1440w\" sizes=\"(max-width: 768px) 100vw, 768px\" \/>\t\t\t\t\t\t\t\t\t\t\t\t\t\t\t<\/div>\n\t\t\t\t<\/div>\n\t\t\t\t\t<\/div>\n\t\t\t\t<\/div>\n\t\t\t\t\t<\/div>\n\t\t\t\t<\/div>\n\t\t<div class=\"elementor-element elementor-element-f9e7bda e-con-full e-flex e-con e-parent\" data-id=\"f9e7bda\" data-element_type=\"container\" data-e-type=\"container\" data-settings=\"{&quot;background_background&quot;:&quot;video&quot;,&quot;background_video_link&quot;:&quot;https:\\\/\\\/alanisarta.com\\\/wp-content\\\/uploads\\\/2025\\\/12\\\/IMG_1180.mov&quot;}\">\n\t\t<div class=\"elementor-background-video-container elementor-hidden-mobile\">\n\t\t\t\t\t\t\t<video class=\"elementor-background-video-hosted\" role=\"presentation\" autoplay muted playsinline loop><\/video>\n\t\t\t\t\t<\/div>\t\t<div class=\"elementor-element elementor-element-9eed723 elementor-widget__width-initial animated-slow elementor-invisible elementor-widget elementor-widget-heading\" data-id=\"9eed723\" data-element_type=\"widget\" data-e-type=\"widget\" data-settings=\"{&quot;_animation&quot;:&quot;fadeIn&quot;,&quot;_animation_delay&quot;:800}\" data-widget_type=\"heading.default\">\n\t\t\t\t<div class=\"elementor-widget-container\">\n\t\t\t\t\t<h2 class=\"elementor-heading-title elementor-size-default\">Cada pieza es un di\u00e1logo con la naturaleza, guiado por la sabidur\u00eda que surge cuando la forma y el material se mueven en armon\u00eda.<\/h2>\t\t\t\t<\/div>\n\t\t\t\t<\/div>\n\t\t\t\t<\/div>\n\t\t<div class=\"elementor-element elementor-element-f1468e0 e-con-full e-flex e-con e-parent\" data-id=\"f1468e0\" data-element_type=\"container\" data-e-type=\"container\">\n\t\t\t\t<div class=\"elementor-element elementor-element-ccadd15 animated-slow elementor-invisible elementor-widget elementor-widget-heading\" data-id=\"ccadd15\" data-element_type=\"widget\" data-e-type=\"widget\" data-settings=\"{&quot;_animation&quot;:&quot;fadeIn&quot;}\" data-widget_type=\"heading.default\">\n\t\t\t\t<div class=\"elementor-widget-container\">\n\t\t\t\t\t<h2 class=\"elementor-heading-title elementor-size-default\">MOVIMIENTO : TIEMPO : NATURALEZA : GEOMETR\u00cdA<\/h2>\t\t\t\t<\/div>\n\t\t\t\t<\/div>\n\t\t\t\t<div class=\"elementor-element elementor-element-1d1ca38 elementor-widget elementor-widget-text-editor\" data-id=\"1d1ca38\" data-element_type=\"widget\" data-e-type=\"widget\" data-widget_type=\"text-editor.default\">\n\t\t\t\t<div class=\"elementor-widget-container\">\n\t\t\t\t\t\t\t\t\t<p>Obras destacadas<\/p>\t\t\t\t\t\t\t\t<\/div>\n\t\t\t\t<\/div>\n\t\t\t\t<\/div>\n\t\t<div class=\"elementor-element elementor-element-8ca71dc e-con-full e-flex e-con e-parent\" data-id=\"8ca71dc\" data-element_type=\"container\" data-e-type=\"container\">\n\t\t\t\t<div class=\"elementor-element elementor-element-7202930 elementor-widget elementor-widget-text-editor\" data-id=\"7202930\" data-element_type=\"widget\" data-e-type=\"widget\" data-widget_type=\"text-editor.default\">\n\t\t\t\t<div class=\"elementor-widget-container\">\n\t\t\t\t\t\t\t\t\t<p>    <div id=\"alanis-featured-grid\" style=\"display:grid; grid-template-columns:repeat(3,1fr); gap:3px;\">\n                <a href=\"https:\/\/alanisarta.com\/es\/sculpture\/arbol-de-la-vida\/\"\n           class=\"alanis-featured-item\"\n           title=\"\u00c1rbol de la Vida\"\n           style=\"display:block; overflow:hidden; position:relative;\">\n                        <img decoding=\"async\" src=\"https:\/\/alanisarta.com\/wp-content\/uploads\/2026\/03\/Arbol-de-la-vida-1024x1024.webp\"\n                 alt=\"Arbol de la Vida\"\n                 style=\"width:100%; aspect-ratio:1\/1; object-fit:cover; display:block; transition:transform 0.6s ease;\">\n                    <\/a>\n                <a href=\"https:\/\/alanisarta.com\/es\/sculpture\/espacio-infinito\/\"\n           class=\"alanis-featured-item\"\n           title=\"Espacio Infinito\"\n           style=\"display:block; overflow:hidden; position:relative;\">\n                        <img decoding=\"async\" src=\"https:\/\/alanisarta.com\/wp-content\/uploads\/2026\/03\/Espacio-infinito-1024x1024.webp\"\n                 alt=\"Espacio Infinito\"\n                 style=\"width:100%; aspect-ratio:1\/1; object-fit:cover; display:block; transition:transform 0.6s ease;\">\n                    <\/a>\n                <a href=\"https:\/\/alanisarta.com\/es\/sculpture\/girando-el-sol\/\"\n           class=\"alanis-featured-item\"\n           title=\"Girando el Sol\"\n           style=\"display:block; overflow:hidden; position:relative;\">\n                        <img decoding=\"async\" src=\"https:\/\/alanisarta.com\/wp-content\/uploads\/2026\/03\/Girando-el-Sol-1024x1024.webp\"\n                 alt=\"Girando el Sol\"\n                 style=\"width:100%; aspect-ratio:1\/1; object-fit:cover; display:block; transition:transform 0.6s ease;\">\n                    <\/a>\n            <\/div>\n\n    <style>\n    .alanis-featured-item:hover img { transform:scale(1.04); }\n    @media (max-width:600px) {\n        #alanis-featured-grid { grid-template-columns:1fr !important; }\n        .alanis-featured-item img { aspect-ratio:4\/3; }\n    }\n    <\/style>\n    <\/p>\t\t\t\t\t\t\t\t<\/div>\n\t\t\t\t<\/div>\n\t\t\t\t<\/div>\n\t\t<div class=\"elementor-element elementor-element-11d9682 e-flex e-con-boxed e-con e-parent\" data-id=\"11d9682\" data-element_type=\"container\" data-e-type=\"container\">\n\t\t\t\t\t<div class=\"e-con-inner\">\n\t\t\t\t<div class=\"elementor-element elementor-element-7ed22de elementor-widget elementor-widget-text-editor\" data-id=\"7ed22de\" data-element_type=\"widget\" data-e-type=\"widget\" data-widget_type=\"text-editor.default\">\n\t\t\t\t<div class=\"elementor-widget-container\">\n\t\t\t\t\t\t\t\t\t<p><a href=\"\/es\/works\/\">Ver todas las obras \u2192<\/a><\/p>\t\t\t\t\t\t\t\t<\/div>\n\t\t\t\t<\/div>\n\t\t\t\t\t<\/div>\n\t\t\t\t<\/div>\n\t\t<div class=\"elementor-element elementor-element-b4a9c3d e-con-full e-flex e-con e-parent\" data-id=\"b4a9c3d\" data-element_type=\"container\" data-e-type=\"container\" data-settings=\"{&quot;background_background&quot;:&quot;classic&quot;}\">\n\t\t<div class=\"elementor-element elementor-element-bbd7371 e-flex e-con-boxed e-con e-child\" data-id=\"bbd7371\" data-element_type=\"container\" data-e-type=\"container\">\n\t\t\t\t\t<div class=\"e-con-inner\">\n\t\t\t\t<div class=\"elementor-element elementor-element-9aa7e7a animated-slow elementor-invisible elementor-widget elementor-widget-heading\" data-id=\"9aa7e7a\" data-element_type=\"widget\" data-e-type=\"widget\" data-settings=\"{&quot;_animation&quot;:&quot;fadeIn&quot;}\" data-widget_type=\"heading.default\">\n\t\t\t\t<div class=\"elementor-widget-container\">\n\t\t\t\t\t<h1 class=\"elementor-heading-title elementor-size-default\">La sabidur\u00eda de la naturaleza<\/h1>\t\t\t\t<\/div>\n\t\t\t\t<\/div>\n\t\t\t\t<div class=\"elementor-element elementor-element-e999ef4 elementor-widget elementor-widget-text-editor\" data-id=\"e999ef4\" data-element_type=\"widget\" data-e-type=\"widget\" data-widget_type=\"text-editor.default\">\n\t\t\t\t<div class=\"elementor-widget-container\">\n\t\t\t\t\t\t\t\t\t<p>Cada escultura refleja la armon\u00eda que se encuentra en el mundo natural, donde la belleza surge a trav\u00e9s del equilibrio, el ritmo y la escucha atenta.<\/p>\t\t\t\t\t\t\t\t<\/div>\n\t\t\t\t<\/div>\n\t\t\t\t<div class=\"elementor-element elementor-element-0130015 elementor-align-left elementor-widget__width-initial elementor-widget elementor-widget-button\" data-id=\"0130015\" data-element_type=\"widget\" data-e-type=\"widget\" data-widget_type=\"button.default\">\n\t\t\t\t<div class=\"elementor-widget-container\">\n\t\t\t\t\t\t\t\t\t<div class=\"elementor-button-wrapper\">\n\t\t\t\t\t<a class=\"elementor-button elementor-button-link elementor-size-sm\" href=\"\/es\/philosophy\/\">\n\t\t\t\t\t\t<span class=\"elementor-button-content-wrapper\">\n\t\t\t\t\t\t\t\t\t<span class=\"elementor-button-text\">Descubre la filosof\u00eda<\/span>\n\t\t\t\t\t<\/span>\n\t\t\t\t\t<\/a>\n\t\t\t\t<\/div>\n\t\t\t\t\t\t\t\t<\/div>\n\t\t\t\t<\/div>\n\t\t\t\t\t<\/div>\n\t\t\t\t<\/div>\n\t\t\t\t<\/div>\n\t\t<div class=\"elementor-element elementor-element-1947360 e-con-full e-flex e-con e-parent\" data-id=\"1947360\" data-element_type=\"container\" data-e-type=\"container\">\n\t\t<div class=\"elementor-element elementor-element-ed36ad2 e-con-full e-flex e-con e-child\" data-id=\"ed36ad2\" data-element_type=\"container\" data-e-type=\"container\" data-settings=\"{&quot;background_background&quot;:&quot;classic&quot;}\">\n\t\t\t\t<div class=\"elementor-element elementor-element-3b48909 elementor-widget elementor-widget-image\" data-id=\"3b48909\" data-element_type=\"widget\" data-e-type=\"widget\" data-widget_type=\"image.default\">\n\t\t\t\t<div class=\"elementor-widget-container\">\n\t\t\t\t\t\t\t\t\t\t\t\t\t\t\t<img decoding=\"async\" width=\"800\" height=\"600\" src=\"https:\/\/alanisarta.com\/wp-content\/uploads\/2026\/01\/IMG_2649-1024x768.webp\" class=\"attachment-large size-large wp-image-876\" alt=\"Woodcarving Tools\" srcset=\"https:\/\/alanisarta.com\/wp-content\/uploads\/2026\/01\/IMG_2649-1024x768.webp 1024w, https:\/\/alanisarta.com\/wp-content\/uploads\/2026\/01\/IMG_2649-300x225.webp 300w, https:\/\/alanisarta.com\/wp-content\/uploads\/2026\/01\/IMG_2649-768x576.webp 768w, https:\/\/alanisarta.com\/wp-content\/uploads\/2026\/01\/IMG_2649-1536x1152.webp 1536w, https:\/\/alanisarta.com\/wp-content\/uploads\/2026\/01\/IMG_2649-scaled.webp 1920w, https:\/\/alanisarta.com\/wp-content\/uploads\/2026\/01\/IMG_2649-16x12.webp 16w\" sizes=\"(max-width: 800px) 100vw, 800px\" \/>\t\t\t\t\t\t\t\t\t\t\t\t\t\t\t<\/div>\n\t\t\t\t<\/div>\n\t\t\t\t<\/div>\n\t\t<div class=\"elementor-element elementor-element-d5a6a22 e-con-full e-flex e-con e-child\" data-id=\"d5a6a22\" data-element_type=\"container\" data-e-type=\"container\">\n\t\t\t\t<div class=\"elementor-element elementor-element-ea3719d animated-slow elementor-invisible elementor-widget elementor-widget-heading\" data-id=\"ea3719d\" data-element_type=\"widget\" data-e-type=\"widget\" data-settings=\"{&quot;_animation&quot;:&quot;fadeIn&quot;}\" data-widget_type=\"heading.default\">\n\t\t\t\t<div class=\"elementor-widget-container\">\n\t\t\t\t\t<h2 class=\"elementor-heading-title elementor-size-default\">Hecho a mano en Baja California Sur.<\/h2>\t\t\t\t<\/div>\n\t\t\t\t<\/div>\n\t\t\t\t<div class=\"elementor-element elementor-element-4232862 elementor-widget-mobile__width-initial elementor-widget elementor-widget-text-editor\" data-id=\"4232862\" data-element_type=\"widget\" data-e-type=\"widget\" data-widget_type=\"text-editor.default\">\n\t\t\t\t<div class=\"elementor-widget-container\">\n\t\t\t\t\t\t\t\t\t<p>Cada escultura se talla a mano con herramientas tradicionales: cinceles, mazos, gubias y acabados refinados que conservan el alma de la madera. El estudio apuesta por un proceso lento y deliberado, que respeta el material y revela su sabidur\u00eda innata.<\/p>\t\t\t\t\t\t\t\t<\/div>\n\t\t\t\t<\/div>\n\t\t\t\t<div class=\"elementor-element elementor-element-9efe545 elementor-widget elementor-widget-text-editor\" data-id=\"9efe545\" data-element_type=\"widget\" data-e-type=\"widget\" data-widget_type=\"text-editor.default\">\n\t\t\t\t<div class=\"elementor-widget-container\">\n\t\t\t\t\t\t\t\t\t<p><a href=\"\/es\/studio\/\">Dentro del estudio \u2192<\/a><\/p>\t\t\t\t\t\t\t\t<\/div>\n\t\t\t\t<\/div>\n\t\t\t\t<\/div>\n\t\t\t\t<\/div>\n\t\t<div class=\"elementor-element elementor-element-cce7c71 e-flex e-con-boxed e-con e-parent\" data-id=\"cce7c71\" data-element_type=\"container\" data-e-type=\"container\" data-settings=\"{&quot;background_background&quot;:&quot;classic&quot;}\">\n\t\t\t\t\t<div class=\"e-con-inner\">\n\t\t\t\t<div class=\"elementor-element elementor-element-b019411 elementor-widget-mobile__width-initial animated-slow elementor-invisible elementor-widget elementor-widget-heading\" data-id=\"b019411\" data-element_type=\"widget\" data-e-type=\"widget\" data-settings=\"{&quot;_animation&quot;:&quot;fadeIn&quot;}\" data-widget_type=\"heading.default\">\n\t\t\t\t<div class=\"elementor-widget-container\">\n\t\t\t\t\t<h2 class=\"elementor-heading-title elementor-size-default\">Descubre obras escult\u00f3ricas \u00fanicas, moldeadas por la sabidur\u00eda de la naturaleza.<\/h2>\t\t\t\t<\/div>\n\t\t\t\t<\/div>\n\t\t\t\t<div class=\"elementor-element elementor-element-d40883b elementor-widget__width-initial elementor-align-center elementor-widget elementor-widget-button\" data-id=\"d40883b\" data-element_type=\"widget\" data-e-type=\"widget\" data-widget_type=\"button.default\">\n\t\t\t\t<div class=\"elementor-widget-container\">\n\t\t\t\t\t\t\t\t\t<div class=\"elementor-button-wrapper\">\n\t\t\t\t\t<a class=\"elementor-button elementor-button-link elementor-size-sm\" href=\"\/es\/works\/\">\n\t\t\t\t\t\t<span class=\"elementor-button-content-wrapper\">\n\t\t\t\t\t\t\t\t\t<span class=\"elementor-button-text\">Ver obras disponibles<\/span>\n\t\t\t\t\t<\/span>\n\t\t\t\t\t<\/a>\n\t\t\t\t<\/div>\n\t\t\t\t\t\t\t\t<\/div>\n\t\t\t\t<\/div>\n\t\t\t\t\t<\/div>\n\t\t\t\t<\/div>\n\t\t<div class=\"elementor-element elementor-element-24c3ae8 e-con-full e-flex e-con e-parent\" data-id=\"24c3ae8\" data-element_type=\"container\" data-e-type=\"container\" data-settings=\"{&quot;background_background&quot;:&quot;classic&quot;}\">\n\t\t<div class=\"elementor-element elementor-element-2248d4a e-flex e-con-boxed e-con e-child\" data-id=\"2248d4a\" data-element_type=\"container\" data-e-type=\"container\">\n\t\t\t\t\t<div class=\"e-con-inner\">\n\t\t\t\t<div class=\"elementor-element elementor-element-3f78e00 elementor-widget elementor-widget-heading\" data-id=\"3f78e00\" data-element_type=\"widget\" data-e-type=\"widget\" data-widget_type=\"heading.default\">\n\t\t\t\t<div class=\"elementor-widget-container\">\n\t\t\t\t\t<h1 class=\"elementor-heading-title elementor-size-default\">Sigue el hilo<\/h1>\t\t\t\t<\/div>\n\t\t\t\t<\/div>\n\t\t\t\t<div class=\"elementor-element elementor-element-9c62370 elementor-widget elementor-widget-text-editor\" data-id=\"9c62370\" data-element_type=\"widget\" data-e-type=\"widget\" data-widget_type=\"text-editor.default\">\n\t\t\t\t<div class=\"elementor-widget-container\">\n\t\t\t\t\t\t\t\t\t<p data-start=\"1319\" data-end=\"1321\"><span style=\"font-family: -apple-system, BlinkMacSystemFont, 'Segoe UI', Roboto, 'Helvetica Neue', Arial, 'Noto Sans', sans-serif, 'Apple Color Emoji', 'Segoe UI Emoji', 'Segoe UI Symbol', 'Noto Color Emoji';\">Trabajos en curso, momentos en el estudio y piezas en proceso de creaci\u00f3n.<\/span><\/p>\t\t\t\t\t\t\t\t<\/div>\n\t\t\t\t<\/div>\n\t\t\t\t<div class=\"elementor-element elementor-element-2657f75 elementor-widget elementor-widget-gallery\" data-id=\"2657f75\" data-element_type=\"widget\" data-e-type=\"widget\" data-settings=\"{&quot;columns&quot;:3,&quot;link_to&quot;:&quot;custom&quot;,&quot;url&quot;:{&quot;url&quot;:&quot;https:\\\/\\\/www.instagram.com\\\/alanisarta&quot;,&quot;is_external&quot;:&quot;&quot;,&quot;nofollow&quot;:&quot;&quot;,&quot;custom_attributes&quot;:&quot;&quot;},&quot;aspect_ratio&quot;:&quot;1:1&quot;,&quot;lazyload&quot;:&quot;yes&quot;,&quot;gallery_layout&quot;:&quot;grid&quot;,&quot;columns_tablet&quot;:2,&quot;columns_mobile&quot;:1,&quot;gap&quot;:{&quot;unit&quot;:&quot;px&quot;,&quot;size&quot;:10,&quot;sizes&quot;:[]},&quot;gap_tablet&quot;:{&quot;unit&quot;:&quot;px&quot;,&quot;size&quot;:10,&quot;sizes&quot;:[]},&quot;gap_mobile&quot;:{&quot;unit&quot;:&quot;px&quot;,&quot;size&quot;:10,&quot;sizes&quot;:[]},&quot;overlay_background&quot;:&quot;yes&quot;,&quot;content_hover_animation&quot;:&quot;fade-in&quot;}\" data-widget_type=\"gallery.default\">\n\t\t\t\t<div class=\"elementor-widget-container\">\n\t\t\t\t\t\t\t<div class=\"elementor-gallery__container\">\n\t\t\t\t\t\t\t<a class=\"e-gallery-item elementor-gallery-item elementor-animated-content\" href=\"https:\/\/www.instagram.com\/alanisarta\">\n\t\t\t\t\t<div class=\"e-gallery-image elementor-gallery-item__image\" data-thumbnail=\"https:\/\/alanisarta.com\/wp-content\/uploads\/2025\/12\/IMG_2300-768x1024.webp\" data-width=\"768\" data-height=\"1024\" aria-label=\"\" role=\"img\" ><\/div>\n\t\t\t\t\t\t\t\t\t\t\t<div class=\"elementor-gallery-item__overlay\"><\/div>\n\t\t\t\t\t\t\t\t\t\t\t\t\t\t<\/a>\n\t\t\t\t\t\t\t<a class=\"e-gallery-item elementor-gallery-item elementor-animated-content\" href=\"https:\/\/www.instagram.com\/alanisarta\">\n\t\t\t\t\t<div class=\"e-gallery-image elementor-gallery-item__image\" data-thumbnail=\"https:\/\/alanisarta.com\/wp-content\/uploads\/2025\/12\/IMG_1912-931x1024.webp\" data-width=\"800\" data-height=\"880\" aria-label=\"\" role=\"img\" ><\/div>\n\t\t\t\t\t\t\t\t\t\t\t<div class=\"elementor-gallery-item__overlay\"><\/div>\n\t\t\t\t\t\t\t\t\t\t\t\t\t\t<\/a>\n\t\t\t\t\t\t\t<a class=\"e-gallery-item elementor-gallery-item elementor-animated-content\" href=\"https:\/\/www.instagram.com\/alanisarta\">\n\t\t\t\t\t<div class=\"e-gallery-image elementor-gallery-item__image\" data-thumbnail=\"https:\/\/alanisarta.com\/wp-content\/uploads\/2025\/12\/IMG_4392-1024x768.webp\" data-width=\"800\" data-height=\"600\" aria-label=\"\" role=\"img\" ><\/div>\n\t\t\t\t\t\t\t\t\t\t\t<div class=\"elementor-gallery-item__overlay\"><\/div>\n\t\t\t\t\t\t\t\t\t\t\t\t\t\t<\/a>\n\t\t\t\t\t\t\t<a class=\"e-gallery-item elementor-gallery-item elementor-animated-content\" href=\"https:\/\/www.instagram.com\/alanisarta\">\n\t\t\t\t\t<div class=\"e-gallery-image elementor-gallery-item__image\" data-thumbnail=\"https:\/\/alanisarta.com\/wp-content\/uploads\/2025\/12\/IMG_1915-773x1024.webp\" data-width=\"773\" data-height=\"1024\" aria-label=\"\" role=\"img\" ><\/div>\n\t\t\t\t\t\t\t\t\t\t\t<div class=\"elementor-gallery-item__overlay\"><\/div>\n\t\t\t\t\t\t\t\t\t\t\t\t\t\t<\/a>\n\t\t\t\t\t\t\t<a class=\"e-gallery-item elementor-gallery-item elementor-animated-content\" href=\"https:\/\/www.instagram.com\/alanisarta\">\n\t\t\t\t\t<div class=\"e-gallery-image elementor-gallery-item__image\" data-thumbnail=\"https:\/\/alanisarta.com\/wp-content\/uploads\/2025\/12\/IMG_9486-2-683x1024.webp\" data-width=\"683\" data-height=\"1024\" aria-label=\"\" role=\"img\" ><\/div>\n\t\t\t\t\t\t\t\t\t\t\t<div class=\"elementor-gallery-item__overlay\"><\/div>\n\t\t\t\t\t\t\t\t\t\t\t\t\t\t<\/a>\n\t\t\t\t\t\t\t<a class=\"e-gallery-item elementor-gallery-item elementor-animated-content\" href=\"https:\/\/www.instagram.com\/alanisarta\">\n\t\t\t\t\t<div class=\"e-gallery-image elementor-gallery-item__image\" data-thumbnail=\"https:\/\/alanisarta.com\/wp-content\/uploads\/2025\/10\/IMG_9318-768x1024.webp\" data-width=\"768\" data-height=\"1024\" aria-label=\"\" role=\"img\" ><\/div>\n\t\t\t\t\t\t\t\t\t\t\t<div class=\"elementor-gallery-item__overlay\"><\/div>\n\t\t\t\t\t\t\t\t\t\t\t\t\t\t<\/a>\n\t\t\t\t\t<\/div>\n\t\t\t\t\t<\/div>\n\t\t\t\t<\/div>\n\t\t\t\t<div class=\"elementor-element elementor-element-59e582a elementor-widget elementor-widget-text-editor\" data-id=\"59e582a\" data-element_type=\"widget\" data-e-type=\"widget\" data-widget_type=\"text-editor.default\">\n\t\t\t\t<div class=\"elementor-widget-container\">\n\t\t\t\t\t\t\t\t\t<p><a href=\"https:\/\/www.instagram.com\/alanisarta\">@alanisarta \u2192<\/a><\/p>\t\t\t\t\t\t\t\t<\/div>\n\t\t\t\t<\/div>\n\t\t\t\t\t<\/div>\n\t\t\t\t<\/div>\n\t\t\t\t<\/div>\n\t\t\t\t<\/div>","protected":false},"excerpt":{"rendered":"<p>Where Wood and Nature Speak One-of-a-kind sculptural works carved from the wisdom of nature. Explore the Collection Art in Dialogue with Nature Laurel Alanis approaches each piece as a researcher of form and an explorer of life. His carvings arise from listening to the material\u2014allowing the wood\u2019s natural patterns, histories, and subtle wisdom to guide [&hellip;]<\/p>\n","protected":false},"author":1,"featured_media":0,"parent":0,"menu_order":0,"comment_status":"closed","ping_status":"closed","template":"elementor_header_footer","meta":{"_acf_changed":false,"footnotes":""},"class_list":["post-66","page","type-page","status-publish","hentry"],"acf":[],"_links":{"self":[{"href":"https:\/\/alanisarta.com\/es\/wp-json\/wp\/v2\/pages\/66","targetHints":{"allow":["GET"]}}],"collection":[{"href":"https:\/\/alanisarta.com\/es\/wp-json\/wp\/v2\/pages"}],"about":[{"href":"https:\/\/alanisarta.com\/es\/wp-json\/wp\/v2\/types\/page"}],"author":[{"embeddable":true,"href":"https:\/\/alanisarta.com\/es\/wp-json\/wp\/v2\/users\/1"}],"replies":[{"embeddable":true,"href":"https:\/\/alanisarta.com\/es\/wp-json\/wp\/v2\/comments?post=66"}],"version-history":[{"count":211,"href":"https:\/\/alanisarta.com\/es\/wp-json\/wp\/v2\/pages\/66\/revisions"}],"predecessor-version":[{"id":1507,"href":"https:\/\/alanisarta.com\/es\/wp-json\/wp\/v2\/pages\/66\/revisions\/1507"}],"wp:attachment":[{"href":"https:\/\/alanisarta.com\/es\/wp-json\/wp\/v2\/media?parent=66"}],"curies":[{"name":"wp","href":"https:\/\/api.w.org\/{rel}","templated":true}]}}